{"id":3065,"date":"2023-04-17T21:20:13","date_gmt":"2023-04-17T21:20:13","guid":{"rendered":"https:\/\/opendte.cl\/factura-electronica\/?page_id=3065"},"modified":"2023-08-09T18:36:41","modified_gmt":"2023-08-09T18:36:41","slug":"medianas-empresas","status":"publish","type":"page","link":"https:\/\/www.opendte.cl\/factura-electronica\/medianas-empresas\/","title":{"rendered":"Medianas Empresas"},"content":{"rendered":"<style>.kb-row-layout-wrap.wp-block-kadence-rowlayout.kb-row-layout-id3065_e16085-34{margin-top:0px;margin-bottom:0px;}.kb-row-layout-id3065_e16085-34 > .kt-row-column-wrap{align-content:start;}:where(.kb-row-layout-id3065_e16085-34 > .kt-row-column-wrap) > .wp-block-kadence-column{justify-content:start;}.kb-row-layout-id3065_e16085-34 > .kt-row-column-wrap{column-gap:var(--global-kb-gap-none, 0rem );row-gap:var(--global-kb-gap-none, 0rem );max-width:1140px;margin-left:auto;margin-right:auto;padding-top:0px;padding-right:0px;padding-bottom:0px;padding-left:0px;grid-template-columns:minmax(0, calc(60% - ((var(--global-kb-gap-none, 0rem ) * 1 )\/2)))minmax(0, calc(40% - ((var(--global-kb-gap-none, 0rem ) * 1 )\/2)));}.kb-row-layout-id3065_e16085-34 > .kt-row-layout-overlay{opacity:0.30;}@media all and (max-width: 1024px){.kb-row-layout-wrap.wp-block-kadence-rowlayout.kb-row-layout-id3065_e16085-34{margin-top:0px;margin-bottom:0px;}}@media all and (max-width: 1024px){.kb-row-layout-id3065_e16085-34 > .kt-row-column-wrap{padding-top:0px;padding-right:100px;padding-bottom:0px;padding-left:100px;grid-template-columns:minmax(0, 1fr);}}@media all and (max-width: 767px){.kb-row-layout-id3065_e16085-34 > .kt-row-column-wrap{padding-right:0px;padding-left:0px;grid-template-columns:minmax(0, 1fr);}}<\/style><div class=\"kb-row-layout-wrap kb-row-layout-id3065_e16085-34 alignnone wp-block-kadence-rowlayout\"><div class=\"kt-row-column-wrap kt-has-2-columns kt-row-layout-equal kt-tab-layout-row kt-mobile-layout-row kt-row-valign-top\">\n<style>.kadence-column3065_889b23-bf > .kt-inside-inner-col{padding-top:30px;padding-right:30px;padding-bottom:0px;padding-left:20px;}.kadence-column3065_889b23-bf > .kt-inside-inner-col,.kadence-column3065_889b23-bf > .kt-inside-inner-col:before{border-top-left-radius:0px;border-top-right-radius:0px;border-bottom-right-radius:0px;border-bottom-left-radius:0px;}.kadence-column3065_889b23-bf > .kt-inside-inner-col{column-gap:var(--global-kb-gap-sm, 1rem);}.kadence-column3065_889b23-bf > .kt-inside-inner-col{flex-direction:column;}.kadence-column3065_889b23-bf > .kt-inside-inner-col > .aligncenter{width:100%;}.kadence-column3065_889b23-bf > .kt-inside-inner-col:before{opacity:0.3;}.kadence-column3065_889b23-bf{position:relative;}.kadence-column3065_889b23-bf, .kt-inside-inner-col > .kadence-column3065_889b23-bf:not(.specificity){margin-top:0px;margin-right:0px;margin-bottom:0px;margin-left:0px;}@media all and (max-width: 1024px){.kadence-column3065_889b23-bf > .kt-inside-inner-col{padding-top:0px;padding-right:20px;padding-bottom:0px;padding-left:20px;flex-direction:column;justify-content:center;}}@media all and (max-width: 767px){.kadence-column3065_889b23-bf > .kt-inside-inner-col{flex-direction:column;justify-content:center;}}<\/style>\n<div class=\"wp-block-kadence-column kadence-column3065_889b23-bf inner-column-2\"><div class=\"kt-inside-inner-col\"><style>.kb-row-layout-id3065_4fe378-9d > .kt-row-column-wrap{align-content:start;}:where(.kb-row-layout-id3065_4fe378-9d > .kt-row-column-wrap) > .wp-block-kadence-column{justify-content:start;}.kb-row-layout-id3065_4fe378-9d > .kt-row-column-wrap{column-gap:var(--global-kb-gap-none, 0rem );row-gap:var(--global-kb-gap-none, 0rem );max-width:1140px;margin-left:auto;margin-right:auto;padding-top:0px;padding-right:30px;padding-bottom:30px;padding-left:30px;grid-template-columns:minmax(0, 1fr);}.kb-row-layout-id3065_4fe378-9d{border-top-left-radius:9px;border-top-right-radius:9px;border-bottom-right-radius:9px;border-bottom-left-radius:9px;overflow:clip;isolation:isolate;}.kb-row-layout-id3065_4fe378-9d > .kt-row-layout-overlay{border-top-left-radius:9px;border-top-right-radius:9px;border-bottom-right-radius:9px;border-bottom-left-radius:9px;}.kb-row-layout-id3065_4fe378-9d > .kt-row-layout-overlay{opacity:0.30;}@media all and (max-width: 1024px){.kb-row-layout-id3065_4fe378-9d > .kt-row-column-wrap{grid-template-columns:minmax(0, 1fr);}}@media all and (max-width: 767px){.kb-row-layout-id3065_4fe378-9d > .kt-row-column-wrap{padding-top:20px;padding-right:10px;padding-bottom:20px;padding-left:10px;grid-template-columns:minmax(0, 1fr);}}<\/style><div class=\"kb-row-layout-wrap kb-row-layout-id3065_4fe378-9d alignnone has-theme-palette9-background-color kt-row-has-bg wp-block-kadence-rowlayout\"><div class=\"kt-row-column-wrap kt-has-1-columns kt-row-layout-equal kt-tab-layout-inherit kt-mobile-layout-row kt-row-valign-top\">\n<style>.kadence-column3065_ea9e5a-e7 > .kt-inside-inner-col{padding-top:10px;padding-right:10px;padding-bottom:10px;padding-left:10px;}.kadence-column3065_ea9e5a-e7 > .kt-inside-inner-col,.kadence-column3065_ea9e5a-e7 > .kt-inside-inner-col:before{border-top-left-radius:0px;border-top-right-radius:0px;border-bottom-right-radius:0px;border-bottom-left-radius:0px;}.kadence-column3065_ea9e5a-e7 > .kt-inside-inner-col{column-gap:var(--global-kb-gap-sm, 1rem);}.kadence-column3065_ea9e5a-e7 > .kt-inside-inner-col{flex-direction:column;}.kadence-column3065_ea9e5a-e7 > .kt-inside-inner-col > .aligncenter{width:100%;}.kadence-column3065_ea9e5a-e7 > .kt-inside-inner-col:before{opacity:0.3;}.kadence-column3065_ea9e5a-e7{position:relative;}@media all and (max-width: 1024px){.kadence-column3065_ea9e5a-e7 > .kt-inside-inner-col{flex-direction:column;justify-content:center;}}@media all and (max-width: 767px){.kadence-column3065_ea9e5a-e7 > .kt-inside-inner-col{flex-direction:column;justify-content:center;}}<\/style>\n<div class=\"wp-block-kadence-column kadence-column3065_ea9e5a-e7 inner-column-1\"><div class=\"kt-inside-inner-col\"><style>.wp-block-kadence-advancedheading.kt-adv-heading3065_3c3e47-9c, .wp-block-kadence-advancedheading.kt-adv-heading3065_3c3e47-9c[data-kb-block=\"kb-adv-heading3065_3c3e47-9c\"]{margin-top:0px;margin-bottom:32px;font-size:var(--global-kb-font-size-xl, 3rem);line-height:1.2em;font-style:normal;}.wp-block-kadence-advancedheading.kt-adv-heading3065_3c3e47-9c mark.kt-highlight, .wp-block-kadence-advancedheading.kt-adv-heading3065_3c3e47-9c[data-kb-block=\"kb-adv-heading3065_3c3e47-9c\"] mark.kt-highlight{font-style:normal;color:#f76a0c;-webkit-box-decoration-break:clone;box-decoration-break:clone;padding-top:0px;padding-right:0px;padding-bottom:0px;padding-left:0px;}.wp-block-kadence-advancedheading.kt-adv-heading3065_3c3e47-9c img.kb-inline-image, .wp-block-kadence-advancedheading.kt-adv-heading3065_3c3e47-9c[data-kb-block=\"kb-adv-heading3065_3c3e47-9c\"] img.kb-inline-image{width:150px;vertical-align:baseline;}<\/style>\n<h3 class=\"kt-adv-heading3065_3c3e47-9c wp-block-kadence-advancedheading\" data-kb-block=\"kb-adv-heading3065_3c3e47-9c\">MEDIANAS<br>EMPRESAS<\/h3>\n\n\n<style>.wp-block-kadence-advancedheading.kt-adv-heading3065_a2c8ae-c0, .wp-block-kadence-advancedheading.kt-adv-heading3065_a2c8ae-c0[data-kb-block=\"kb-adv-heading3065_a2c8ae-c0\"]{margin-top:0px;margin-bottom:32px;line-height:1.5em;font-style:normal;}.wp-block-kadence-advancedheading.kt-adv-heading3065_a2c8ae-c0 mark.kt-highlight, .wp-block-kadence-advancedheading.kt-adv-heading3065_a2c8ae-c0[data-kb-block=\"kb-adv-heading3065_a2c8ae-c0\"] mark.kt-highlight{font-style:normal;color:#f76a0c;-webkit-box-decoration-break:clone;box-decoration-break:clone;padding-top:0px;padding-right:0px;padding-bottom:0px;padding-left:0px;}.wp-block-kadence-advancedheading.kt-adv-heading3065_a2c8ae-c0 img.kb-inline-image, .wp-block-kadence-advancedheading.kt-adv-heading3065_a2c8ae-c0[data-kb-block=\"kb-adv-heading3065_a2c8ae-c0\"] img.kb-inline-image{width:150px;vertical-align:baseline;}<\/style>\n<h3 class=\"kt-adv-heading3065_a2c8ae-c0 wp-block-kadence-advancedheading has-theme-palette-1-color has-text-color\" data-kb-block=\"kb-adv-heading3065_a2c8ae-c0\">SI USAS SOFTWARE A MEDIDA U OTRO ERP DE MERCADO<\/h3>\n\n\n<style>.wp-block-kadence-column.kb-section-dir-horizontal > .kt-inside-inner-col > .kt-info-box3065_38bc2c-0b .kt-blocks-info-box-link-wrap{max-width:unset;}.kt-info-box3065_38bc2c-0b .kt-blocks-info-box-link-wrap{border-top:5px solid var(--global-palette7, #eeeeee);border-right:5px solid var(--global-palette7, #eeeeee);border-bottom:5px solid var(--global-palette7, #eeeeee);border-left:5px solid var(--global-palette7, #eeeeee);background:var(--global-palette8, #F7FAFC);padding-top:var(--global-kb-spacing-sm, 1.5rem);padding-right:var(--global-kb-spacing-sm, 1.5rem);padding-bottom:var(--global-kb-spacing-sm, 1.5rem);padding-left:var(--global-kb-spacing-sm, 1.5rem);margin-top:100px;}.kt-info-box3065_38bc2c-0b .kadence-info-box-icon-container .kt-info-svg-icon, .kt-info-box3065_38bc2c-0b .kt-info-svg-icon-flip, .kt-info-box3065_38bc2c-0b .kt-blocks-info-box-number{font-size:50px;}.kt-info-box3065_38bc2c-0b .kt-blocks-info-box-media{color:#0591ff;background:#ffffff;border-color:var(--global-palette7, #eeeeee);border-top-width:5px;border-right-width:5px;border-bottom-width:5px;border-left-width:5px;padding-top:20px;padding-right:20px;padding-bottom:20px;padding-left:20px;}.kt-info-box3065_38bc2c-0b .kt-blocks-info-box-media-container{margin-top:-75px;margin-right:0px;margin-bottom:20px;margin-left:0px;}.kt-info-box3065_38bc2c-0b .kt-infobox-textcontent h3.kt-blocks-info-box-title{padding-top:0px;padding-right:0px;padding-bottom:0px;padding-left:0px;margin-top:5px;margin-right:0px;margin-bottom:10px;margin-left:0px;}.wp-block-kadence-infobox.kt-info-box3065_38bc2c-0b .kt-blocks-info-box-text{font-size:var(--global-kb-font-size-sm, 0.9rem);font-weight:bold;}.kt-info-box3065_38bc2c-0b .kt-blocks-info-box-learnmore{background:transparent;border-width:0px 0px 0px 0px;padding-top:4px;padding-right:8px;padding-bottom:4px;padding-left:8px;margin-top:10px;margin-right:0px;margin-bottom:10px;margin-left:0px;}@media all and (max-width: 1024px){.kt-info-box3065_38bc2c-0b .kt-blocks-info-box-link-wrap{border-top:5px solid var(--global-palette7, #eeeeee);border-right:5px solid var(--global-palette7, #eeeeee);border-bottom:5px solid var(--global-palette7, #eeeeee);border-left:5px solid var(--global-palette7, #eeeeee);}}@media all and (max-width: 767px){.kt-info-box3065_38bc2c-0b .kt-blocks-info-box-link-wrap{border-top:5px solid var(--global-palette7, #eeeeee);border-right:5px solid var(--global-palette7, #eeeeee);border-bottom:5px solid var(--global-palette7, #eeeeee);border-left:5px solid var(--global-palette7, #eeeeee);}}<\/style>\n<div class=\"wp-block-kadence-infobox kt-info-box3065_38bc2c-0b\"><span class=\"kt-blocks-info-box-link-wrap info-box-link kt-blocks-info-box-media-align-top kt-info-halign-left\"><div class=\"kt-blocks-info-box-media-container\"><div class=\"kt-blocks-info-box-media kt-info-media-animate-none\"><div class=\"kadence-info-box-number-container kt-info-number-animate-none\"><div class=\"kadence-info-box-number-inner-container\"><div class=\"kt-blocks-info-box-number\">1<\/div><\/div><\/div><\/div><\/div><div class=\"kt-infobox-textcontent\"><h3 class=\"kt-blocks-info-box-title\">Nos integramos con tu sistema a medida<\/h3><p class=\"kt-blocks-info-box-text\">Nuestra empresa realizar\u00e1 la certificaci\u00f3n ante SII para que tu empresa sea un emisor de DTE y apoyaremos la integraci\u00f3n con<br\/><strong>FACTURA ELECTRONICA<\/strong>\u00a0entregando nuestro know-how y experiencia en proyectos similares.<br\/>Con manuales de integraci\u00f3n y ejemplos tu empresa podr\u00e1 conectarse f\u00e1cilmente con nuestro sistema y en un plazo breve.<br\/>A trav\u00e9s de Web services, es posible integrar:<br\/>Emisi\u00f3n de Facturas Electr\u00f3nica (y todos los tipos de Documentos)<br\/>Recibir en ERP o sistemas de Gesti\u00f3n todas los documentos que les emitan<br\/>Aceptaci\u00f3n\/Rechazo en SII desde nuestra plataforma<br\/>Identificaci\u00f3n de documentos Cedidos a terceros<\/p><\/div><\/span><\/div>\n<\/div><\/div>\n\n<\/div><\/div><\/div><\/div>\n\n\n<style>.kadence-column3065_bae4a3-dd > .kt-inside-inner-col{padding-top:0px;padding-right:0px;padding-bottom:0px;padding-left:0px;}.kadence-column3065_bae4a3-dd > .kt-inside-inner-col{border-top:6px solid var(--global-palette9, #ffffff);border-right:6px solid var(--global-palette9, #ffffff);border-bottom:6px solid var(--global-palette9, #ffffff);border-left:6px solid var(--global-palette9, #ffffff);}.kadence-column3065_bae4a3-dd > .kt-inside-inner-col,.kadence-column3065_bae4a3-dd > .kt-inside-inner-col:before{border-top-left-radius:9px;border-top-right-radius:9px;border-bottom-right-radius:9px;border-bottom-left-radius:9px;}.kadence-column3065_bae4a3-dd > .kt-inside-inner-col{column-gap:var(--global-kb-gap-sm, 1rem);}.kadence-column3065_bae4a3-dd > .kt-inside-inner-col{flex-direction:column;}.kadence-column3065_bae4a3-dd > .kt-inside-inner-col > .aligncenter{width:100%;}.kadence-column3065_bae4a3-dd > .kt-inside-inner-col:before{opacity:0.3;}.kadence-column3065_bae4a3-dd{position:relative;}.kadence-column3065_bae4a3-dd, .kt-inside-inner-col > .kadence-column3065_bae4a3-dd:not(.specificity){margin-top:-80px;margin-right:0px;margin-bottom:0px;margin-left:0px;}@media all and (max-width: 1024px){.kadence-column3065_bae4a3-dd > .kt-inside-inner-col{padding-top:0px;padding-right:0px;padding-bottom:0px;padding-left:30px;border-top:6px solid var(--global-palette9, #ffffff);border-right:6px solid var(--global-palette9, #ffffff);border-bottom:6px solid var(--global-palette9, #ffffff);border-left:6px solid var(--global-palette9, #ffffff);flex-direction:column;justify-content:center;}}@media all and (max-width: 1024px){.kadence-column3065_bae4a3-dd, .kt-inside-inner-col > .kadence-column3065_bae4a3-dd:not(.specificity){margin-top:-150px;margin-right:0px;margin-bottom:0px;margin-left:0px;}}@media all and (max-width: 767px){.kadence-column3065_bae4a3-dd > .kt-inside-inner-col{padding-top:0px;padding-right:30px;padding-bottom:0px;padding-left:30px;border-top:6px solid var(--global-palette9, #ffffff);border-right:6px solid var(--global-palette9, #ffffff);border-bottom:6px solid var(--global-palette9, #ffffff);border-left:6px solid var(--global-palette9, #ffffff);flex-direction:column;justify-content:center;}.kadence-column3065_bae4a3-dd, .kt-inside-inner-col > .kadence-column3065_bae4a3-dd:not(.specificity){margin-top:-120px;margin-right:0px;margin-bottom:0px;margin-left:0px;}}<\/style>\n<div class=\"wp-block-kadence-column kadence-column3065_bae4a3-dd inner-column-1\"><div class=\"kt-inside-inner-col\"><style>.wp-block-kadence-advancedgallery.kb-gallery-wrap-id-3065_1e5b32-dd{margin-top:0px;margin-right:0px;margin-bottom:0px;margin-left:0px;}.wp-block-kadence-advancedgallery .kb-gallery-type-grid.kb-gallery-id-3065_1e5b32-dd{margin:-0px;}.kb-gallery-type-grid.kb-gallery-id-3065_1e5b32-dd .kadence-blocks-gallery-item{padding:0px;}.kb-gallery-id-3065_1e5b32-dd .kadence-blocks-gallery-item .kb-gal-image-radius, .kb-gallery-id-3065_1e5b32-dd .kb-slide-item .kb-gal-image-radius img{border-radius:5px 5px 5px 5px;;}<\/style><div class=\"kb-gallery-wrap-id-3065_1e5b32-dd alignnone img-border wp-block-kadence-advancedgallery\"><ul class=\"kb-gallery-ul kb-gallery-non-static kb-gallery-type-grid kb-gallery-id-3065_1e5b32-dd kb-gallery-caption-style-bottom-hover kb-gallery-filter-none\" data-image-filter=\"none\" data-item-selector=\".kadence-blocks-gallery-item\" data-lightbox-caption=\"true\" data-columns-xxl=\"1\" data-columns-xl=\"1\" data-columns-md=\"1\" data-columns-sm=\"1\" data-columns-xs=\"1\" data-columns-ss=\"1\"><li class=\"kadence-blocks-gallery-item\" tabindex=\"0\"><div class=\"kadence-blocks-gallery-item-inner\"><figure class=\"kb-gallery-figure kadence-blocks-gallery-item-hide-caption\"><div class=\"kb-gal-image-radius\" style=\"max-width:600px;\"><div class=\"kb-gallery-image-contain kadence-blocks-gallery-intrinsic kb-gallery-image-ratio-inherit kb-has-image-ratio-inherit\" style=\"padding-bottom:125%;\"><img loading=\"lazy\" decoding=\"async\" src=\"https:\/\/opendte.cl\/factura-electronica\/wp-content\/uploads\/2023\/08\/medianas-empresas-opendte.jpg\" width=\"600\" height=\"751\" alt=\"\" data-full-image=\"https:\/\/opendte.cl\/factura-electronica\/wp-content\/uploads\/2023\/08\/medianas-empresas-opendte.jpg\" data-light-image=\"https:\/\/opendte.cl\/factura-electronica\/wp-content\/uploads\/2023\/08\/medianas-empresas-opendte.jpg\" data-id=\"3227\" class=\"wp-image-3227\" srcset=\"https:\/\/www.opendte.cl\/factura-electronica\/wp-content\/uploads\/2023\/08\/medianas-empresas-opendte.jpg 600w, https:\/\/www.opendte.cl\/factura-electronica\/wp-content\/uploads\/2023\/08\/medianas-empresas-opendte-240x300.jpg 240w\" sizes=\"auto, (max-width: 600px) 100vw, 600px\" \/><\/div><\/div><\/figure><\/div><\/li><\/ul><\/div>\n\n<style>.wp-block-kadence-column.kb-section-dir-horizontal > .kt-inside-inner-col > .kt-info-box3065_c6c9ff-fd .kt-blocks-info-box-link-wrap{max-width:unset;}.kt-info-box3065_c6c9ff-fd .kt-blocks-info-box-link-wrap{border-top:5px solid var(--global-palette7, #eeeeee);border-right:5px solid var(--global-palette7, #eeeeee);border-bottom:5px solid var(--global-palette7, #eeeeee);border-left:5px solid var(--global-palette7, #eeeeee);background:var(--global-palette8, #F7FAFC);padding-top:var(--global-kb-spacing-sm, 1.5rem);padding-right:var(--global-kb-spacing-sm, 1.5rem);padding-bottom:var(--global-kb-spacing-sm, 1.5rem);padding-left:var(--global-kb-spacing-sm, 1.5rem);margin-top:100px;}.kt-info-box3065_c6c9ff-fd .kadence-info-box-icon-container .kt-info-svg-icon, .kt-info-box3065_c6c9ff-fd .kt-info-svg-icon-flip, .kt-info-box3065_c6c9ff-fd .kt-blocks-info-box-number{font-size:50px;}.kt-info-box3065_c6c9ff-fd .kt-blocks-info-box-media{color:#0591ff;background:#ffffff;border-color:var(--global-palette7, #eeeeee);border-top-width:5px;border-right-width:5px;border-bottom-width:5px;border-left-width:5px;padding-top:20px;padding-right:20px;padding-bottom:20px;padding-left:20px;}.kt-info-box3065_c6c9ff-fd .kt-blocks-info-box-media-container{margin-top:-75px;margin-right:0px;margin-bottom:20px;margin-left:0px;}.kt-info-box3065_c6c9ff-fd .kt-infobox-textcontent h3.kt-blocks-info-box-title{padding-top:0px;padding-right:0px;padding-bottom:0px;padding-left:0px;margin-top:5px;margin-right:0px;margin-bottom:10px;margin-left:0px;}.wp-block-kadence-infobox.kt-info-box3065_c6c9ff-fd .kt-blocks-info-box-text{font-size:var(--global-kb-font-size-sm, 0.9rem);font-weight:bold;}.kt-info-box3065_c6c9ff-fd .kt-blocks-info-box-learnmore{background:transparent;border-width:0px 0px 0px 0px;padding-top:4px;padding-right:8px;padding-bottom:4px;padding-left:8px;margin-top:10px;margin-right:0px;margin-bottom:10px;margin-left:0px;}@media all and (max-width: 1024px){.kt-info-box3065_c6c9ff-fd .kt-blocks-info-box-link-wrap{border-top:5px solid var(--global-palette7, #eeeeee);border-right:5px solid var(--global-palette7, #eeeeee);border-bottom:5px solid var(--global-palette7, #eeeeee);border-left:5px solid var(--global-palette7, #eeeeee);}}@media all and (max-width: 767px){.kt-info-box3065_c6c9ff-fd .kt-blocks-info-box-link-wrap{border-top:5px solid var(--global-palette7, #eeeeee);border-right:5px solid var(--global-palette7, #eeeeee);border-bottom:5px solid var(--global-palette7, #eeeeee);border-left:5px solid var(--global-palette7, #eeeeee);}}<\/style>\n<div class=\"wp-block-kadence-infobox kt-info-box3065_c6c9ff-fd\"><span class=\"kt-blocks-info-box-link-wrap info-box-link kt-blocks-info-box-media-align-top kt-info-halign-left\"><div class=\"kt-blocks-info-box-media-container\"><div class=\"kt-blocks-info-box-media kt-info-media-animate-none\"><div class=\"kadence-info-box-number-container kt-info-number-animate-none\"><div class=\"kadence-info-box-number-inner-container\"><div class=\"kt-blocks-info-box-number\">2<\/div><\/div><\/div><\/div><\/div><div class=\"kt-infobox-textcontent\"><h3 class=\"kt-blocks-info-box-title\">Te proveemos una Plataforma de facturaci\u00f3n Cloud ( en la nube)<\/h3><p class=\"kt-blocks-info-box-text\">Sin la necesidad de realizar una integraci\u00f3n te proveemos de un ambiente en la \u201cnube\u201d para que puedas emitir tus facturas, libros de compra y venta.<\/p><\/div><\/span><\/div>\n<\/div><\/div>\n\n<\/div><\/div>","protected":false},"excerpt":{"rendered":"<p>MEDIANASEMPRESAS SI USAS SOFTWARE A MEDIDA U OTRO ERP DE MERCADO<\/p>\n","protected":false},"author":1,"featured_media":0,"parent":0,"menu_order":0,"comment_status":"closed","ping_status":"closed","template":"","meta":{"_monsterinsights_skip_tracking":false,"_monsterinsights_sitenote_active":false,"_monsterinsights_sitenote_note":"","_monsterinsights_sitenote_category":0,"_kad_post_transparent":"disable","_kad_post_title":"hide","_kad_post_layout":"","_kad_post_sidebar_id":"","_kad_post_content_style":"","_kad_post_vertical_padding":"","_kad_post_feature":"","_kad_post_feature_position":"","_kad_post_header":false,"_kad_post_footer":false,"_kad_post_classname":"","footnotes":""},"class_list":["post-3065","page","type-page","status-publish","hentry"],"aioseo_notices":[],"_links":{"self":[{"href":"https:\/\/www.opendte.cl\/factura-electronica\/wp-json\/wp\/v2\/pages\/3065","targetHints":{"allow":["GET"]}}],"collection":[{"href":"https:\/\/www.opendte.cl\/factura-electronica\/wp-json\/wp\/v2\/pages"}],"about":[{"href":"https:\/\/www.opendte.cl\/factura-electronica\/wp-json\/wp\/v2\/types\/page"}],"author":[{"embeddable":true,"href":"https:\/\/www.opendte.cl\/factura-electronica\/wp-json\/wp\/v2\/users\/1"}],"replies":[{"embeddable":true,"href":"https:\/\/www.opendte.cl\/factura-electronica\/wp-json\/wp\/v2\/comments?post=3065"}],"version-history":[{"count":15,"href":"https:\/\/www.opendte.cl\/factura-electronica\/wp-json\/wp\/v2\/pages\/3065\/revisions"}],"predecessor-version":[{"id":3228,"href":"https:\/\/www.opendte.cl\/factura-electronica\/wp-json\/wp\/v2\/pages\/3065\/revisions\/3228"}],"wp:attachment":[{"href":"https:\/\/www.opendte.cl\/factura-electronica\/wp-json\/wp\/v2\/media?parent=3065"}],"curies":[{"name":"wp","href":"https:\/\/api.w.org\/{rel}","templated":true}]}}