{"id":3063,"date":"2023-04-17T21:19:55","date_gmt":"2023-04-17T21:19:55","guid":{"rendered":"https:\/\/opendte.cl\/factura-electronica\/?page_id=3063"},"modified":"2023-10-28T03:06:07","modified_gmt":"2023-10-28T03:06:07","slug":"integracion-sap","status":"publish","type":"page","link":"https:\/\/www.opendte.cl\/factura-electronica\/integracion-sap\/","title":{"rendered":"Integraci\u00f3n SAP"},"content":{"rendered":"<style>.wp-block-kadence-advancedheading.kt-adv-heading3063_51a1a1-8f, .wp-block-kadence-advancedheading.kt-adv-heading3063_51a1a1-8f[data-kb-block=\"kb-adv-heading3063_51a1a1-8f\"]{margin-top:0px;margin-bottom:32px;font-size:var(--global-kb-font-size-xl, 3rem);line-height:1.2em;font-style:normal;}.wp-block-kadence-advancedheading.kt-adv-heading3063_51a1a1-8f mark.kt-highlight, .wp-block-kadence-advancedheading.kt-adv-heading3063_51a1a1-8f[data-kb-block=\"kb-adv-heading3063_51a1a1-8f\"] mark.kt-highlight{font-style:normal;color:#f76a0c;-webkit-box-decoration-break:clone;box-decoration-break:clone;padding-top:0px;padding-right:0px;padding-bottom:0px;padding-left:0px;}.wp-block-kadence-advancedheading.kt-adv-heading3063_51a1a1-8f img.kb-inline-image, .wp-block-kadence-advancedheading.kt-adv-heading3063_51a1a1-8f[data-kb-block=\"kb-adv-heading3063_51a1a1-8f\"] img.kb-inline-image{width:150px;vertical-align:baseline;}<\/style>\n<h3 class=\"kt-adv-heading3063_51a1a1-8f wp-block-kadence-advancedheading\" data-kb-block=\"kb-adv-heading3063_51a1a1-8f\">INTEGRACI\u00d3N <mark class=\"kt-highlight\">SAP<\/mark><br><\/h3>\n\n\n<style>.wp-block-kadence-advancedheading.kt-adv-heading3063_ed15ba-38, .wp-block-kadence-advancedheading.kt-adv-heading3063_ed15ba-38[data-kb-block=\"kb-adv-heading3063_ed15ba-38\"]{margin-top:20px;line-height:1.2;font-style:normal;text-transform:uppercase;}.wp-block-kadence-advancedheading.kt-adv-heading3063_ed15ba-38 mark.kt-highlight, .wp-block-kadence-advancedheading.kt-adv-heading3063_ed15ba-38[data-kb-block=\"kb-adv-heading3063_ed15ba-38\"] mark.kt-highlight{font-style:normal;color:#f76a0c;-webkit-box-decoration-break:clone;box-decoration-break:clone;padding-top:0px;padding-right:0px;padding-bottom:0px;padding-left:0px;}.wp-block-kadence-advancedheading.kt-adv-heading3063_ed15ba-38 img.kb-inline-image, .wp-block-kadence-advancedheading.kt-adv-heading3063_ed15ba-38[data-kb-block=\"kb-adv-heading3063_ed15ba-38\"] img.kb-inline-image{width:150px;vertical-align:baseline;}@media all and (max-width: 1024px){.wp-block-kadence-advancedheading.kt-adv-heading3063_ed15ba-38, .wp-block-kadence-advancedheading.kt-adv-heading3063_ed15ba-38[data-kb-block=\"kb-adv-heading3063_ed15ba-38\"]{text-align:center!important;}}@media all and (max-width: 767px){.wp-block-kadence-advancedheading.kt-adv-heading3063_ed15ba-38, .wp-block-kadence-advancedheading.kt-adv-heading3063_ed15ba-38[data-kb-block=\"kb-adv-heading3063_ed15ba-38\"]{text-align:center!important;}}<\/style>\n<h3 class=\"kt-adv-heading3063_ed15ba-38 wp-block-kadence-advancedheading has-theme-palette-1-color has-text-color\" data-kb-block=\"kb-adv-heading3063_ed15ba-38\">Integraci\u00f3n de facturaci\u00f3n electr\u00f3nica con SAP<\/h3>\n\n\n<style>.kb-row-layout-id3063_349519-79 > .kt-row-column-wrap{align-content:start;}:where(.kb-row-layout-id3063_349519-79 > .kt-row-column-wrap) > .wp-block-kadence-column{justify-content:start;}.kb-row-layout-id3063_349519-79 > .kt-row-column-wrap{column-gap:var(--global-kb-gap-lg, 4rem);row-gap:var(--global-kb-gap-lg, 4rem);padding-top:var(--global-kb-spacing-lg, 3rem);padding-bottom:var(--global-kb-spacing-sm, 1.5rem);grid-template-columns:repeat(2, minmax(0, 1fr));}.kb-row-layout-id3063_349519-79 > .kt-row-layout-overlay{opacity:0.30;}@media all and (max-width: 1024px){.kb-row-layout-id3063_349519-79 > .kt-row-column-wrap{grid-template-columns:repeat(2, minmax(0, 1fr));}}@media all and (max-width: 767px){.kb-row-layout-id3063_349519-79 > .kt-row-column-wrap{grid-template-columns:minmax(0, 1fr);}}<\/style><div class=\"kb-row-layout-wrap kb-row-layout-id3063_349519-79 alignnone wp-block-kadence-rowlayout\"><div class=\"kt-row-column-wrap kt-has-2-columns kt-row-layout-equal kt-tab-layout-inherit kt-mobile-layout-row kt-row-valign-top\">\n<style>.kadence-column3063_880ae1-c6 > .kt-inside-inner-col{padding-right:25px;}.kadence-column3063_880ae1-c6 > .kt-inside-inner-col,.kadence-column3063_880ae1-c6 > .kt-inside-inner-col:before{border-top-left-radius:0px;border-top-right-radius:0px;border-bottom-right-radius:0px;border-bottom-left-radius:0px;}.kadence-column3063_880ae1-c6 > .kt-inside-inner-col{column-gap:var(--global-kb-gap-sm, 1rem);}.kadence-column3063_880ae1-c6 > .kt-inside-inner-col{flex-direction:column;}.kadence-column3063_880ae1-c6 > .kt-inside-inner-col > .aligncenter{width:100%;}.kadence-column3063_880ae1-c6 > .kt-inside-inner-col:before{opacity:0.3;}.kadence-column3063_880ae1-c6{position:relative;}@media all and (max-width: 1024px){.kadence-column3063_880ae1-c6 > .kt-inside-inner-col{flex-direction:column;justify-content:center;}}@media all and (max-width: 767px){.kadence-column3063_880ae1-c6 > .kt-inside-inner-col{flex-direction:column;justify-content:center;}}<\/style>\n<div class=\"wp-block-kadence-column kadence-column3063_880ae1-c6\"><div class=\"kt-inside-inner-col\">\n<p>Ofrecemos la primera soluci\u00f3n 100% integrada a SAP, permitiendo gestionar el proceso completo de facturaci\u00f3n electr\u00f3nica directamente desde el ERP. Contamos con disponibilidad tanto para SAP ERP, SAP S\/4 HANA como SAP Business One.<\/p>\n\n\n\n<p>Los documentos electr\u00f3nicos son emitidos utilizando las transacciones est\u00e1ndar de SAP. A trav\u00e9s de un monitor ZDTE es posible visualizar el estado de cada documento en tiempo real.<\/p>\n\n\n\n<p>Los documentos recibidos son integrados desde nuestra plataforma como Facturas Preliminares. Seg\u00fan las reglas de negocio configuradas, pueden ser contabilizadas autom\u00e1ticamente.<\/p>\n\n\n<style>.wp-block-kadence-spacer.kt-block-spacer-3063_9a776c-24 .kt-block-spacer{height:60px;}.wp-block-kadence-spacer.kt-block-spacer-3063_9a776c-24 .kt-divider{border-top-width:1px;height:1px;border-top-color:#eee;width:80%;border-top-style:solid;}<\/style>\n<div class=\"wp-block-kadence-spacer aligncenter kt-block-spacer-3063_9a776c-24\"><div class=\"kt-block-spacer kt-block-spacer-halign-center\"><hr class=\"kt-divider\"\/><\/div><\/div>\n\n\n\n<h5 class=\"wp-block-heading has-text-color\" style=\"color:#0591ff;text-transform:uppercase\">Como lo hicimos<\/h5>\n\n\n\n<p>Desarrollamos esta soluci\u00f3n en base a nuestra experiencia colaborando con empresas que llevan a\u00f1os gestionando sus procesos en SAP ERP. Entendemos los requerimientos y problemas reales que enfrentan.<\/p>\n\n\n\n<p>Nuestro equipo de consultores cuenta con m\u00e1s de 20 a\u00f1os de trayectoria en implementaciones de SAP ERP y SAP Business One.<\/p>\n\n\n\n<p>Nuestros clientes destacan c\u00f3mo nuestras soluciones optimizan sus operaciones, reducen costos e impulsan la productividad. Aprovecha nuestra experiencia en SAP para el \u00e9xito de tu negocio.<\/p>\n<\/div><\/div>\n\n\n<style>.kadence-column3063_9fd38a-4d > .kt-inside-inner-col{padding-left:25px;}.kadence-column3063_9fd38a-4d > .kt-inside-inner-col,.kadence-column3063_9fd38a-4d > .kt-inside-inner-col:before{border-top-left-radius:0px;border-top-right-radius:0px;border-bottom-right-radius:0px;border-bottom-left-radius:0px;}.kadence-column3063_9fd38a-4d > .kt-inside-inner-col{column-gap:var(--global-kb-gap-sm, 1rem);}.kadence-column3063_9fd38a-4d > .kt-inside-inner-col{flex-direction:column;}.kadence-column3063_9fd38a-4d > .kt-inside-inner-col > .aligncenter{width:100%;}.kadence-column3063_9fd38a-4d > .kt-inside-inner-col:before{opacity:0.3;}.kadence-column3063_9fd38a-4d{position:relative;}@media all and (max-width: 1024px){.kadence-column3063_9fd38a-4d > .kt-inside-inner-col{flex-direction:column;justify-content:center;}}@media all and (max-width: 767px){.kadence-column3063_9fd38a-4d > .kt-inside-inner-col{flex-direction:column;justify-content:center;}}<\/style>\n<div class=\"wp-block-kadence-column kadence-column3063_9fd38a-4d\"><div class=\"kt-inside-inner-col\">\n<h5 class=\"wp-block-heading has-text-color\" style=\"color:#0591ff;text-transform:uppercase\">Ventajas para SAP ERP<\/h5>\n\n\n\n<ul class=\"wp-block-list\">\n<li>Se mantiene el concepto de gobernabilidad de la informaci\u00f3n en el sistema&nbsp;SAP,<br>respetando la configuraci\u00f3n y funcionalidad est\u00e1ndar.<\/li>\n\n\n\n<li>La integraci\u00f3n total entre el documento impreso por SD y su correspondiente<br>contabilizaci\u00f3n FI.<\/li>\n\n\n\n<li>El proceso individual o masivo esta totalmente integrado a las transacciones&nbsp;SAP<br>est\u00e1ndar.<\/li>\n\n\n\n<li>El usuario sigue imprimiendo con la transacci\u00f3n est\u00e1ndar&nbsp;SAP&nbsp;(IDCP o similar).<\/li>\n\n\n\n<li>El usuario puede realizar impresi\u00f3n individual del PDF con aplicaci\u00f3n est\u00e1ndar<br>mediante&nbsp;SAP Smartforms.<\/li>\n<\/ul>\n<\/div><\/div>\n\n<\/div><\/div>\n\n<style>.wp-block-kadence-spacer.kt-block-spacer-3063_629e27-6d .kt-block-spacer{height:60px;}.wp-block-kadence-spacer.kt-block-spacer-3063_629e27-6d .kt-divider{border-top-width:1px;height:1px;border-top-color:#eee;width:80%;border-top-style:solid;}<\/style>\n<div class=\"wp-block-kadence-spacer aligncenter kt-block-spacer-3063_629e27-6d\"><div class=\"kt-block-spacer kt-block-spacer-halign-center\"><hr class=\"kt-divider\"\/><\/div><\/div>\n\n\n<style>.kb-image3063_0f7ab2-a6.kb-image-is-ratio-size, .kb-image3063_0f7ab2-a6 .kb-image-is-ratio-size{max-width:1046px;width:100%;}.wp-block-kadence-column > .kt-inside-inner-col > .kb-image3063_0f7ab2-a6.kb-image-is-ratio-size, .wp-block-kadence-column > .kt-inside-inner-col > .kb-image3063_0f7ab2-a6 .kb-image-is-ratio-size{align-self:unset;}.kb-image3063_0f7ab2-a6{max-width:1046px;}.image-is-svg.kb-image3063_0f7ab2-a6{-webkit-flex:0 1 100%;flex:0 1 100%;}.image-is-svg.kb-image3063_0f7ab2-a6 img{width:100%;}.kb-image3063_0f7ab2-a6 .kb-image-has-overlay:after{opacity:0.3;}<\/style>\n<figure class=\"wp-block-kadence-image kb-image3063_0f7ab2-a6 size-full kb-image-is-ratio-size\"><div class=\"kb-is-ratio-image kb-image-ratio-land43\"><img loading=\"lazy\" decoding=\"async\" width=\"955\" height=\"714\" src=\"https:\/\/opendte.cl\/factura-electronica\/wp-content\/uploads\/2023\/08\/MODELO-ELECTRONICO.png\" alt=\"\" class=\"kb-img wp-image-3273\" srcset=\"https:\/\/www.opendte.cl\/factura-electronica\/wp-content\/uploads\/2023\/08\/MODELO-ELECTRONICO.png 955w, https:\/\/www.opendte.cl\/factura-electronica\/wp-content\/uploads\/2023\/08\/MODELO-ELECTRONICO-300x224.png 300w, https:\/\/www.opendte.cl\/factura-electronica\/wp-content\/uploads\/2023\/08\/MODELO-ELECTRONICO-768x574.png 768w\" sizes=\"auto, (max-width: 955px) 100vw, 955px\" \/><\/div><\/figure>\n","protected":false},"excerpt":{"rendered":"<p>INTEGRACI\u00d3N SAP Integraci\u00f3n de facturaci\u00f3n electr\u00f3nica con SAP Ofrecemos la primera soluci\u00f3n 100% integrada a SAP, permitiendo gestionar el proceso completo de facturaci\u00f3n electr\u00f3nica directamente desde el ERP. Contamos con disponibilidad tanto para SAP ERP, SAP S\/4 HANA como SAP Business One. Los documentos electr\u00f3nicos son emitidos utilizando las transacciones est\u00e1ndar de SAP. A trav\u00e9s&#8230;<\/p>\n","protected":false},"author":1,"featured_media":0,"parent":0,"menu_order":0,"comment_status":"closed","ping_status":"closed","template":"","meta":{"_monsterinsights_skip_tracking":false,"_monsterinsights_sitenote_active":false,"_monsterinsights_sitenote_note":"","_monsterinsights_sitenote_category":0,"_kad_post_transparent":"disable","_kad_post_title":"hide","_kad_post_layout":"","_kad_post_sidebar_id":"","_kad_post_content_style":"","_kad_post_vertical_padding":"","_kad_post_feature":"","_kad_post_feature_position":"","_kad_post_header":false,"_kad_post_footer":false,"_kad_post_classname":"","footnotes":""},"class_list":["post-3063","page","type-page","status-publish","hentry"],"aioseo_notices":[],"_links":{"self":[{"href":"https:\/\/www.opendte.cl\/factura-electronica\/wp-json\/wp\/v2\/pages\/3063","targetHints":{"allow":["GET"]}}],"collection":[{"href":"https:\/\/www.opendte.cl\/factura-electronica\/wp-json\/wp\/v2\/pages"}],"about":[{"href":"https:\/\/www.opendte.cl\/factura-electronica\/wp-json\/wp\/v2\/types\/page"}],"author":[{"embeddable":true,"href":"https:\/\/www.opendte.cl\/factura-electronica\/wp-json\/wp\/v2\/users\/1"}],"replies":[{"embeddable":true,"href":"https:\/\/www.opendte.cl\/factura-electronica\/wp-json\/wp\/v2\/comments?post=3063"}],"version-history":[{"count":14,"href":"https:\/\/www.opendte.cl\/factura-electronica\/wp-json\/wp\/v2\/pages\/3063\/revisions"}],"predecessor-version":[{"id":3354,"href":"https:\/\/www.opendte.cl\/factura-electronica\/wp-json\/wp\/v2\/pages\/3063\/revisions\/3354"}],"wp:attachment":[{"href":"https:\/\/www.opendte.cl\/factura-electronica\/wp-json\/wp\/v2\/media?parent=3063"}],"curies":[{"name":"wp","href":"https:\/\/api.w.org\/{rel}","templated":true}]}}