{"id":3061,"date":"2023-04-17T21:19:29","date_gmt":"2023-04-17T21:19:29","guid":{"rendered":"https:\/\/opendte.cl\/factura-electronica\/?page_id=3061"},"modified":"2023-08-09T20:27:42","modified_gmt":"2023-08-09T20:27:42","slug":"como-funciona","status":"publish","type":"page","link":"https:\/\/www.opendte.cl\/factura-electronica\/como-funciona\/","title":{"rendered":"C\u00f3mo Funciona"},"content":{"rendered":"<style>.wp-block-kadence-advancedheading.kt-adv-heading3061_f807e2-63, .wp-block-kadence-advancedheading.kt-adv-heading3061_f807e2-63[data-kb-block=\"kb-adv-heading3061_f807e2-63\"]{margin-top:0px;margin-bottom:32px;font-size:var(--global-kb-font-size-xl, 3rem);line-height:1.2em;font-style:normal;}.wp-block-kadence-advancedheading.kt-adv-heading3061_f807e2-63 mark.kt-highlight, .wp-block-kadence-advancedheading.kt-adv-heading3061_f807e2-63[data-kb-block=\"kb-adv-heading3061_f807e2-63\"] mark.kt-highlight{font-style:normal;color:#f76a0c;-webkit-box-decoration-break:clone;box-decoration-break:clone;padding-top:0px;padding-right:0px;padding-bottom:0px;padding-left:0px;}.wp-block-kadence-advancedheading.kt-adv-heading3061_f807e2-63 img.kb-inline-image, .wp-block-kadence-advancedheading.kt-adv-heading3061_f807e2-63[data-kb-block=\"kb-adv-heading3061_f807e2-63\"] img.kb-inline-image{width:150px;vertical-align:baseline;}<\/style>\n<h3 class=\"kt-adv-heading3061_f807e2-63 wp-block-kadence-advancedheading\" data-kb-block=\"kb-adv-heading3061_f807e2-63\">C\u00d3MO <mark class=\"kt-highlight\">FUNCIONA<\/mark><br><\/h3>\n\n\n<style>.wp-block-kadence-advancedheading.kt-adv-heading3061_c7da98-59, .wp-block-kadence-advancedheading.kt-adv-heading3061_c7da98-59[data-kb-block=\"kb-adv-heading3061_c7da98-59\"]{margin-top:20px;line-height:1.2;font-style:normal;text-transform:uppercase;}.wp-block-kadence-advancedheading.kt-adv-heading3061_c7da98-59 mark.kt-highlight, .wp-block-kadence-advancedheading.kt-adv-heading3061_c7da98-59[data-kb-block=\"kb-adv-heading3061_c7da98-59\"] mark.kt-highlight{font-style:normal;color:#f76a0c;-webkit-box-decoration-break:clone;box-decoration-break:clone;padding-top:0px;padding-right:0px;padding-bottom:0px;padding-left:0px;}.wp-block-kadence-advancedheading.kt-adv-heading3061_c7da98-59 img.kb-inline-image, .wp-block-kadence-advancedheading.kt-adv-heading3061_c7da98-59[data-kb-block=\"kb-adv-heading3061_c7da98-59\"] img.kb-inline-image{width:150px;vertical-align:baseline;}@media all and (max-width: 1024px){.wp-block-kadence-advancedheading.kt-adv-heading3061_c7da98-59, .wp-block-kadence-advancedheading.kt-adv-heading3061_c7da98-59[data-kb-block=\"kb-adv-heading3061_c7da98-59\"]{text-align:center!important;}}@media all and (max-width: 767px){.wp-block-kadence-advancedheading.kt-adv-heading3061_c7da98-59, .wp-block-kadence-advancedheading.kt-adv-heading3061_c7da98-59[data-kb-block=\"kb-adv-heading3061_c7da98-59\"]{text-align:center!important;}}<\/style>\n<h3 class=\"kt-adv-heading3061_c7da98-59 wp-block-kadence-advancedheading has-theme-palette-1-color has-text-color\" data-kb-block=\"kb-adv-heading3061_c7da98-59\">Tus facturas on-line, desde su propio sistema (erp), <br>sin <mark class=\"kt-highlight\">demoras<\/mark>, sin <mark class=\"kt-highlight\">interfaces<\/mark>, sin <mark class=\"kt-highlight\">errores<\/mark>.<\/h3>\n\n\n<style>.kb-row-layout-id3061_d5984c-e5 > .kt-row-column-wrap{align-content:start;}:where(.kb-row-layout-id3061_d5984c-e5 > .kt-row-column-wrap) > .wp-block-kadence-column{justify-content:start;}.kb-row-layout-id3061_d5984c-e5 > .kt-row-column-wrap{column-gap:var(--global-kb-gap-lg, 4rem);row-gap:var(--global-kb-gap-lg, 4rem);padding-top:var(--global-kb-spacing-lg, 3rem);padding-bottom:var(--global-kb-spacing-sm, 1.5rem);grid-template-columns:repeat(2, minmax(0, 1fr));}.kb-row-layout-id3061_d5984c-e5 > .kt-row-layout-overlay{opacity:0.30;}@media all and (max-width: 1024px){.kb-row-layout-id3061_d5984c-e5 > .kt-row-column-wrap{grid-template-columns:repeat(2, minmax(0, 1fr));}}@media all and (max-width: 767px){.kb-row-layout-id3061_d5984c-e5 > .kt-row-column-wrap{grid-template-columns:minmax(0, 1fr);}}<\/style><div class=\"kb-row-layout-wrap kb-row-layout-id3061_d5984c-e5 alignnone wp-block-kadence-rowlayout\"><div class=\"kt-row-column-wrap kt-has-2-columns kt-row-layout-equal kt-tab-layout-inherit kt-mobile-layout-row kt-row-valign-top\">\n<style>.kadence-column3061_2bc1cb-3b > .kt-inside-inner-col{padding-right:25px;}.kadence-column3061_2bc1cb-3b > .kt-inside-inner-col,.kadence-column3061_2bc1cb-3b > .kt-inside-inner-col:before{border-top-left-radius:0px;border-top-right-radius:0px;border-bottom-right-radius:0px;border-bottom-left-radius:0px;}.kadence-column3061_2bc1cb-3b > .kt-inside-inner-col{column-gap:var(--global-kb-gap-sm, 1rem);}.kadence-column3061_2bc1cb-3b > .kt-inside-inner-col{flex-direction:column;}.kadence-column3061_2bc1cb-3b > .kt-inside-inner-col > .aligncenter{width:100%;}.kadence-column3061_2bc1cb-3b > .kt-inside-inner-col:before{opacity:0.3;}.kadence-column3061_2bc1cb-3b{position:relative;}@media all and (max-width: 1024px){.kadence-column3061_2bc1cb-3b > .kt-inside-inner-col{flex-direction:column;justify-content:center;}}@media all and (max-width: 767px){.kadence-column3061_2bc1cb-3b > .kt-inside-inner-col{flex-direction:column;justify-content:center;}}<\/style>\n<div class=\"wp-block-kadence-column kadence-column3061_2bc1cb-3b\"><div class=\"kt-inside-inner-col\">\n<p class=\"has-theme-palette-3-color has-text-color\"><strong><mark style=\"background-color:rgba(0, 0, 0, 0);color:#0591ff\" class=\"has-inline-color\">FACTURA ELECTRONICA<\/mark>\u00a0<\/strong>es una soluci\u00f3n desarrollada para ser integrada naturalmente a un sistema de facturaci\u00f3n o ERP. Para lo cual nuestra empresa incorpora un conjunto de herramientas y entrega las interfaces para la comunicaci\u00f3n Online o Batch entre los sistema, permitiendo que el cliente final vea s\u00f3lo una aplicaci\u00f3n de facturaci\u00f3n.<\/p>\n\n\n<style>.wp-block-kadence-spacer.kt-block-spacer-3061_0cd59b-69 .kt-block-spacer{height:60px;}.wp-block-kadence-spacer.kt-block-spacer-3061_0cd59b-69 .kt-divider{border-top-width:1px;height:1px;border-top-color:#eee;width:80%;border-top-style:solid;}<\/style>\n<div class=\"wp-block-kadence-spacer aligncenter kt-block-spacer-3061_0cd59b-69\"><div class=\"kt-block-spacer kt-block-spacer-halign-center\"><hr class=\"kt-divider\"\/><\/div><\/div>\n\n\n\n<p class=\"has-theme-palette-3-color has-text-color\"><strong><mark style=\"background-color:rgba(0, 0, 0, 0);color:#0591ff\" class=\"has-inline-color\">FACTURA ELECTRONICA<\/mark><\/strong>\u00a0se ha integrado con sistemas de facturaci\u00f3n desarrollados por nuestros clientes y con ERP tan importantes como SAP ERP.<\/p>\n<\/div><\/div>\n\n\n<style>.kadence-column3061_b66dd5-d9 > .kt-inside-inner-col{padding-left:25px;}.kadence-column3061_b66dd5-d9 > .kt-inside-inner-col,.kadence-column3061_b66dd5-d9 > .kt-inside-inner-col:before{border-top-left-radius:0px;border-top-right-radius:0px;border-bottom-right-radius:0px;border-bottom-left-radius:0px;}.kadence-column3061_b66dd5-d9 > .kt-inside-inner-col{column-gap:var(--global-kb-gap-sm, 1rem);}.kadence-column3061_b66dd5-d9 > .kt-inside-inner-col{flex-direction:column;}.kadence-column3061_b66dd5-d9 > .kt-inside-inner-col > .aligncenter{width:100%;}.kadence-column3061_b66dd5-d9 > .kt-inside-inner-col:before{opacity:0.3;}.kadence-column3061_b66dd5-d9{position:relative;}@media all and (max-width: 1024px){.kadence-column3061_b66dd5-d9 > .kt-inside-inner-col{flex-direction:column;justify-content:center;}}@media all and (max-width: 767px){.kadence-column3061_b66dd5-d9 > .kt-inside-inner-col{flex-direction:column;justify-content:center;}}<\/style>\n<div class=\"wp-block-kadence-column kadence-column3061_b66dd5-d9\"><div class=\"kt-inside-inner-col\">\n<p class=\"has-theme-palette-3-color has-text-color\"><mark style=\"background-color:rgba(0, 0, 0, 0);color:#0591ff\" class=\"has-inline-color\"><strong>FACTURA ELECTRONICA<\/strong>\u00a0<\/mark>incluye las siguientes funcionalidades:<\/p>\n\n\n\n<ul class=\"wp-block-list\">\n<li>Emisi\u00f3n Online a trav\u00e9s Web Services.<\/li>\n\n\n\n<li>Firma, Env\u00edo, Consulta con el SII en forma autom\u00e1tica.<\/li>\n\n\n\n<li>Env\u00edo a Clientes (Impresora, Mail o XML) automatizado.<\/li>\n\n\n\n<li>Personalizaci\u00f3n PDF.<\/li>\n\n\n\n<li>APIs de Integraci\u00f3n para&nbsp; Emisi\u00f3n, Recepci\u00f3n y Cesi\u00f3n de DTE.<\/li>\n<\/ul>\n\n\n\n<p>Todas estas funcionalidades permiten la integraci\u00f3n natural entre los sistemas.<\/p>\n\n\n\n<p>La integraci\u00f3n en la versi\u00f3n Cloud se realiza a trav\u00e9s de Web Services para los DTE Emitidos y Recibidos.<\/p>\n<\/div><\/div>\n\n<\/div><\/div>\n\n<style>.wp-block-kadence-spacer.kt-block-spacer-3061_49d3b3-c4 .kt-block-spacer{height:60px;}.wp-block-kadence-spacer.kt-block-spacer-3061_49d3b3-c4 .kt-divider{border-top-width:1px;height:1px;border-top-color:#eee;width:80%;border-top-style:solid;}<\/style>\n<div class=\"wp-block-kadence-spacer aligncenter kt-block-spacer-3061_49d3b3-c4\"><div class=\"kt-block-spacer kt-block-spacer-halign-center\"><hr class=\"kt-divider\"\/><\/div><\/div>\n\n\n<style>.kb-image3061_bc9165-c6.kb-image-is-ratio-size, .kb-image3061_bc9165-c6 .kb-image-is-ratio-size{max-width:1046px;width:100%;}.wp-block-kadence-column > .kt-inside-inner-col > .kb-image3061_bc9165-c6.kb-image-is-ratio-size, .wp-block-kadence-column > .kt-inside-inner-col > .kb-image3061_bc9165-c6 .kb-image-is-ratio-size{align-self:unset;}.kb-image3061_bc9165-c6{max-width:1046px;}.image-is-svg.kb-image3061_bc9165-c6{-webkit-flex:0 1 100%;flex:0 1 100%;}.image-is-svg.kb-image3061_bc9165-c6 img{width:100%;}.kb-image3061_bc9165-c6 .kb-image-has-overlay:after{opacity:0.3;}<\/style>\n<figure class=\"wp-block-kadence-image kb-image3061_bc9165-c6 size-full kb-image-is-ratio-size\"><div class=\"kb-is-ratio-image kb-image-ratio-land43\"><img loading=\"lazy\" decoding=\"async\" width=\"955\" height=\"714\" src=\"https:\/\/opendte.cl\/factura-electronica\/wp-content\/uploads\/2023\/08\/Como-funciona-2018.png\" alt=\"\" class=\"kb-img wp-image-3255\" srcset=\"https:\/\/www.opendte.cl\/factura-electronica\/wp-content\/uploads\/2023\/08\/Como-funciona-2018.png 955w, https:\/\/www.opendte.cl\/factura-electronica\/wp-content\/uploads\/2023\/08\/Como-funciona-2018-300x224.png 300w, https:\/\/www.opendte.cl\/factura-electronica\/wp-content\/uploads\/2023\/08\/Como-funciona-2018-768x574.png 768w\" sizes=\"auto, (max-width: 955px) 100vw, 955px\" \/><\/div><\/figure>\n","protected":false},"excerpt":{"rendered":"<p>C\u00d3MO FUNCIONA Tus facturas on-line, desde su propio sistema (erp), sin demoras, sin interfaces, sin errores. FACTURA ELECTRONICA\u00a0es una soluci\u00f3n desarrollada para ser integrada naturalmente a un sistema de facturaci\u00f3n o ERP. Para lo cual nuestra empresa incorpora un conjunto de herramientas y entrega las interfaces para la comunicaci\u00f3n Online o Batch entre los sistema,&#8230;<\/p>\n","protected":false},"author":1,"featured_media":0,"parent":0,"menu_order":0,"comment_status":"closed","ping_status":"closed","template":"","meta":{"_monsterinsights_skip_tracking":false,"_monsterinsights_sitenote_active":false,"_monsterinsights_sitenote_note":"","_monsterinsights_sitenote_category":0,"_kad_post_transparent":"disable","_kad_post_title":"hide","_kad_post_layout":"","_kad_post_sidebar_id":"","_kad_post_content_style":"","_kad_post_vertical_padding":"default","_kad_post_feature":"","_kad_post_feature_position":"","_kad_post_header":false,"_kad_post_footer":false,"_kad_post_classname":"","footnotes":""},"class_list":["post-3061","page","type-page","status-publish","hentry"],"aioseo_notices":[],"_links":{"self":[{"href":"https:\/\/www.opendte.cl\/factura-electronica\/wp-json\/wp\/v2\/pages\/3061","targetHints":{"allow":["GET"]}}],"collection":[{"href":"https:\/\/www.opendte.cl\/factura-electronica\/wp-json\/wp\/v2\/pages"}],"about":[{"href":"https:\/\/www.opendte.cl\/factura-electronica\/wp-json\/wp\/v2\/types\/page"}],"author":[{"embeddable":true,"href":"https:\/\/www.opendte.cl\/factura-electronica\/wp-json\/wp\/v2\/users\/1"}],"replies":[{"embeddable":true,"href":"https:\/\/www.opendte.cl\/factura-electronica\/wp-json\/wp\/v2\/comments?post=3061"}],"version-history":[{"count":17,"href":"https:\/\/www.opendte.cl\/factura-electronica\/wp-json\/wp\/v2\/pages\/3061\/revisions"}],"predecessor-version":[{"id":3271,"href":"https:\/\/www.opendte.cl\/factura-electronica\/wp-json\/wp\/v2\/pages\/3061\/revisions\/3271"}],"wp:attachment":[{"href":"https:\/\/www.opendte.cl\/factura-electronica\/wp-json\/wp\/v2\/media?parent=3061"}],"curies":[{"name":"wp","href":"https:\/\/api.w.org\/{rel}","templated":true}]}}