{"id":3056,"date":"2023-04-17T21:18:15","date_gmt":"2023-04-17T21:18:15","guid":{"rendered":"https:\/\/opendte.cl\/factura-electronica\/?page_id=3056"},"modified":"2023-08-09T17:04:59","modified_gmt":"2023-08-09T17:04:59","slug":"boleta-electronica","status":"publish","type":"page","link":"https:\/\/www.opendte.cl\/factura-electronica\/boleta-electronica\/","title":{"rendered":"Boleta Electr\u00f3nica"},"content":{"rendered":"<style>.kb-row-layout-wrap.wp-block-kadence-rowlayout.kb-row-layout-id3056_a973a6-32{margin-top:0px;margin-bottom:0px;}.kb-row-layout-id3056_a973a6-32 > .kt-row-column-wrap{align-content:start;}:where(.kb-row-layout-id3056_a973a6-32 > .kt-row-column-wrap) > .wp-block-kadence-column{justify-content:start;}.kb-row-layout-id3056_a973a6-32 > .kt-row-column-wrap{column-gap:var(--global-kb-gap-none, 0rem );row-gap:var(--global-kb-gap-none, 0rem );max-width:1140px;margin-left:auto;margin-right:auto;padding-top:0px;padding-right:0px;padding-bottom:0px;padding-left:0px;grid-template-columns:minmax(0, calc(45% - ((var(--global-kb-gap-none, 0rem ) * 1 )\/2)))minmax(0, calc(55% - ((var(--global-kb-gap-none, 0rem ) * 1 )\/2)));}.kb-row-layout-id3056_a973a6-32 > .kt-row-layout-overlay{opacity:0.30;}@media all and (max-width: 1024px){.kb-row-layout-wrap.wp-block-kadence-rowlayout.kb-row-layout-id3056_a973a6-32{margin-top:0px;margin-bottom:0px;}}@media all and (max-width: 1024px){.kb-row-layout-id3056_a973a6-32 > .kt-row-column-wrap{padding-top:0px;padding-right:100px;padding-bottom:0px;padding-left:100px;grid-template-columns:minmax(0, 1fr);}}@media all and (max-width: 767px){.kb-row-layout-id3056_a973a6-32 > .kt-row-column-wrap{padding-right:0px;padding-left:0px;grid-template-columns:minmax(0, 1fr);}}<\/style><div class=\"kb-row-layout-wrap kb-row-layout-id3056_a973a6-32 alignnone wp-block-kadence-rowlayout\"><div class=\"kt-row-column-wrap kt-has-2-columns kt-row-layout-equal kt-tab-layout-row kt-mobile-layout-row kt-row-valign-top\">\n<style>.kadence-column3056_d896f6-11 > .kt-inside-inner-col{padding-top:0px;padding-right:0px;padding-bottom:0px;padding-left:0px;}.kadence-column3056_d896f6-11 > .kt-inside-inner-col{border-top:6px solid var(--global-palette9, #ffffff);border-right:6px solid var(--global-palette9, #ffffff);border-bottom:6px solid var(--global-palette9, #ffffff);border-left:6px solid var(--global-palette9, #ffffff);}.kadence-column3056_d896f6-11 > .kt-inside-inner-col,.kadence-column3056_d896f6-11 > .kt-inside-inner-col:before{border-top-left-radius:9px;border-top-right-radius:9px;border-bottom-right-radius:9px;border-bottom-left-radius:9px;}.kadence-column3056_d896f6-11 > .kt-inside-inner-col{column-gap:var(--global-kb-gap-sm, 1rem);}.kadence-column3056_d896f6-11 > .kt-inside-inner-col{flex-direction:column;}.kadence-column3056_d896f6-11 > .kt-inside-inner-col > .aligncenter{width:100%;}.kadence-column3056_d896f6-11 > .kt-inside-inner-col:before{opacity:0.3;}.kadence-column3056_d896f6-11{position:relative;}.kadence-column3056_d896f6-11, .kt-inside-inner-col > .kadence-column3056_d896f6-11:not(.specificity){margin-top:-80px;margin-right:0px;margin-bottom:0px;margin-left:0px;}@media all and (max-width: 1024px){.kadence-column3056_d896f6-11 > .kt-inside-inner-col{padding-top:0px;padding-right:0px;padding-bottom:0px;padding-left:30px;border-top:6px solid var(--global-palette9, #ffffff);border-right:6px solid var(--global-palette9, #ffffff);border-bottom:6px solid var(--global-palette9, #ffffff);border-left:6px solid var(--global-palette9, #ffffff);flex-direction:column;justify-content:center;}}@media all and (max-width: 1024px){.kadence-column3056_d896f6-11, .kt-inside-inner-col > .kadence-column3056_d896f6-11:not(.specificity){margin-top:-150px;margin-right:0px;margin-bottom:0px;margin-left:0px;}}@media all and (max-width: 767px){.kadence-column3056_d896f6-11 > .kt-inside-inner-col{padding-top:0px;padding-right:30px;padding-bottom:0px;padding-left:30px;border-top:6px solid var(--global-palette9, #ffffff);border-right:6px solid var(--global-palette9, #ffffff);border-bottom:6px solid var(--global-palette9, #ffffff);border-left:6px solid var(--global-palette9, #ffffff);flex-direction:column;justify-content:center;}.kadence-column3056_d896f6-11, .kt-inside-inner-col > .kadence-column3056_d896f6-11:not(.specificity){margin-top:-120px;margin-right:0px;margin-bottom:0px;margin-left:0px;}}<\/style>\n<div class=\"wp-block-kadence-column kadence-column3056_d896f6-11 inner-column-1\"><div class=\"kt-inside-inner-col\"><style>.wp-block-kadence-advancedgallery.kb-gallery-wrap-id-3056_17d503-9c{margin-top:0px;margin-right:0px;margin-bottom:0px;margin-left:0px;}.wp-block-kadence-advancedgallery .kb-gallery-type-grid.kb-gallery-id-3056_17d503-9c{margin:-0px;}.kb-gallery-type-grid.kb-gallery-id-3056_17d503-9c .kadence-blocks-gallery-item{padding:0px;}.kb-gallery-id-3056_17d503-9c .kadence-blocks-gallery-item .kb-gal-image-radius, .kb-gallery-id-3056_17d503-9c .kb-slide-item .kb-gal-image-radius img{border-radius:5px 5px 5px 5px;;}<\/style><div class=\"kb-gallery-wrap-id-3056_17d503-9c alignnone img-border wp-block-kadence-advancedgallery\"><ul class=\"kb-gallery-ul kb-gallery-non-static kb-gallery-type-grid kb-gallery-id-3056_17d503-9c kb-gallery-caption-style-bottom-hover kb-gallery-filter-none\" data-image-filter=\"none\" data-item-selector=\".kadence-blocks-gallery-item\" data-lightbox-caption=\"true\" data-columns-xxl=\"1\" data-columns-xl=\"1\" data-columns-md=\"1\" data-columns-sm=\"1\" data-columns-xs=\"1\" data-columns-ss=\"1\"><li class=\"kadence-blocks-gallery-item\" tabindex=\"0\"><div class=\"kadence-blocks-gallery-item-inner\"><figure class=\"kb-gallery-figure kadence-blocks-gallery-item-hide-caption\"><div class=\"kb-gal-image-radius\" style=\"max-width:600px;\"><div class=\"kb-gallery-image-contain kadence-blocks-gallery-intrinsic kb-gallery-image-ratio-inherit kb-has-image-ratio-inherit\" style=\"padding-bottom:125%;\"><img loading=\"lazy\" decoding=\"async\" src=\"https:\/\/opendte.cl\/factura-electronica\/wp-content\/uploads\/2023\/08\/boleta-electronica-opendte.jpg\" width=\"600\" height=\"751\" alt=\"\" data-full-image=\"https:\/\/opendte.cl\/factura-electronica\/wp-content\/uploads\/2023\/08\/boleta-electronica-opendte.jpg\" data-light-image=\"https:\/\/opendte.cl\/factura-electronica\/wp-content\/uploads\/2023\/08\/boleta-electronica-opendte.jpg\" data-id=\"3204\" class=\"wp-image-3204\" srcset=\"https:\/\/www.opendte.cl\/factura-electronica\/wp-content\/uploads\/2023\/08\/boleta-electronica-opendte.jpg 600w, https:\/\/www.opendte.cl\/factura-electronica\/wp-content\/uploads\/2023\/08\/boleta-electronica-opendte-240x300.jpg 240w\" sizes=\"auto, (max-width: 600px) 100vw, 600px\" \/><\/div><\/div><\/figure><\/div><\/li><\/ul><\/div>\n\n<style>.wp-block-kadence-column.kb-section-dir-horizontal > .kt-inside-inner-col > .kt-info-box3056_bc0c7b-76 .kt-blocks-info-box-link-wrap{max-width:unset;}.kt-info-box3056_bc0c7b-76 .kt-blocks-info-box-link-wrap{border-top:5px solid var(--global-palette7, #eeeeee);border-right:5px solid var(--global-palette7, #eeeeee);border-bottom:5px solid var(--global-palette7, #eeeeee);border-left:5px solid var(--global-palette7, #eeeeee);background:var(--global-palette8, #F7FAFC);padding-top:var(--global-kb-spacing-sm, 1.5rem);padding-right:var(--global-kb-spacing-sm, 1.5rem);padding-bottom:var(--global-kb-spacing-sm, 1.5rem);padding-left:var(--global-kb-spacing-sm, 1.5rem);margin-top:50px;}.kt-info-box3056_bc0c7b-76 .kadence-info-box-icon-container .kt-info-svg-icon, .kt-info-box3056_bc0c7b-76 .kt-info-svg-icon-flip, .kt-info-box3056_bc0c7b-76 .kt-blocks-info-box-number{font-size:50px;}.kt-info-box3056_bc0c7b-76 .kt-blocks-info-box-media{background:#ffffff;border-color:var(--global-palette7, #eeeeee);border-top-width:5px;border-right-width:5px;border-bottom-width:5px;border-left-width:5px;padding-top:20px;padding-right:20px;padding-bottom:20px;padding-left:20px;}.kt-info-box3056_bc0c7b-76 .kt-blocks-info-box-media-container{margin-top:-75px;margin-right:0px;margin-bottom:20px;margin-left:0px;}.kt-info-box3056_bc0c7b-76 .kt-infobox-textcontent h2.kt-blocks-info-box-title{padding-top:0px;padding-right:0px;padding-bottom:0px;padding-left:0px;margin-top:5px;margin-right:0px;margin-bottom:10px;margin-left:0px;}.wp-block-kadence-infobox.kt-info-box3056_bc0c7b-76 .kt-blocks-info-box-text{font-size:var(--global-kb-font-size-sm, 0.9rem);font-weight:bold;}.kt-info-box3056_bc0c7b-76 .kt-blocks-info-box-learnmore{background:transparent;border-width:0px 0px 0px 0px;padding-top:4px;padding-right:8px;padding-bottom:4px;padding-left:8px;margin-top:10px;margin-right:0px;margin-bottom:10px;margin-left:0px;}@media all and (max-width: 1024px){.kt-info-box3056_bc0c7b-76 .kt-blocks-info-box-link-wrap{border-top:5px solid var(--global-palette7, #eeeeee);border-right:5px solid var(--global-palette7, #eeeeee);border-bottom:5px solid var(--global-palette7, #eeeeee);border-left:5px solid var(--global-palette7, #eeeeee);}}@media all and (max-width: 767px){.kt-info-box3056_bc0c7b-76 .kt-blocks-info-box-link-wrap{border-top:5px solid var(--global-palette7, #eeeeee);border-right:5px solid var(--global-palette7, #eeeeee);border-bottom:5px solid var(--global-palette7, #eeeeee);border-left:5px solid var(--global-palette7, #eeeeee);}}<\/style>\n<div class=\"wp-block-kadence-infobox kt-info-box3056_bc0c7b-76\"><span class=\"kt-blocks-info-box-link-wrap info-box-link kt-blocks-info-box-media-align-top kt-info-halign-left\"><div class=\"kt-infobox-textcontent\"><p class=\"kt-blocks-info-box-text\">El documento tambi\u00e9n fija la\u00a0gradualidad de la implementaci\u00f3n: para quienes hoy emiten Facturas Electr\u00f3nicas,<strong>\u00a0la obligatoriedad de emitir Boleta Electr\u00f3nica parte el 1 de Enero de 2021<\/strong>, mientras que para quienes no son facturadores electr\u00f3nicos el plazo corre a partir del\u00a0<strong>1 de Marzo pr\u00f3ximo<\/strong>.<\/p><\/div><\/span><\/div>\n<\/div><\/div>\n\n\n<style>.kadence-column3056_cf3901-f2 > .kt-inside-inner-col{padding-top:30px;padding-right:30px;padding-bottom:0px;padding-left:20px;}.kadence-column3056_cf3901-f2 > .kt-inside-inner-col,.kadence-column3056_cf3901-f2 > .kt-inside-inner-col:before{border-top-left-radius:0px;border-top-right-radius:0px;border-bottom-right-radius:0px;border-bottom-left-radius:0px;}.kadence-column3056_cf3901-f2 > .kt-inside-inner-col{column-gap:var(--global-kb-gap-sm, 1rem);}.kadence-column3056_cf3901-f2 > .kt-inside-inner-col{flex-direction:column;}.kadence-column3056_cf3901-f2 > .kt-inside-inner-col > .aligncenter{width:100%;}.kadence-column3056_cf3901-f2 > .kt-inside-inner-col:before{opacity:0.3;}.kadence-column3056_cf3901-f2{position:relative;}.kadence-column3056_cf3901-f2, .kt-inside-inner-col > .kadence-column3056_cf3901-f2:not(.specificity){margin-top:0px;margin-right:0px;margin-bottom:0px;margin-left:0px;}@media all and (max-width: 1024px){.kadence-column3056_cf3901-f2 > .kt-inside-inner-col{padding-top:0px;padding-right:20px;padding-bottom:0px;padding-left:20px;flex-direction:column;justify-content:center;}}@media all and (max-width: 767px){.kadence-column3056_cf3901-f2 > .kt-inside-inner-col{flex-direction:column;justify-content:center;}}<\/style>\n<div class=\"wp-block-kadence-column kadence-column3056_cf3901-f2 inner-column-2\"><div class=\"kt-inside-inner-col\"><style>.kb-row-layout-id3056_f23203-a4 > .kt-row-column-wrap{align-content:start;}:where(.kb-row-layout-id3056_f23203-a4 > .kt-row-column-wrap) > .wp-block-kadence-column{justify-content:start;}.kb-row-layout-id3056_f23203-a4 > .kt-row-column-wrap{column-gap:var(--global-kb-gap-none, 0rem );row-gap:var(--global-kb-gap-none, 0rem );max-width:1140px;margin-left:auto;margin-right:auto;padding-top:0px;padding-right:30px;padding-bottom:30px;padding-left:30px;grid-template-columns:minmax(0, 1fr);}.kb-row-layout-id3056_f23203-a4{border-top-left-radius:9px;border-top-right-radius:9px;border-bottom-right-radius:9px;border-bottom-left-radius:9px;overflow:clip;isolation:isolate;}.kb-row-layout-id3056_f23203-a4 > .kt-row-layout-overlay{border-top-left-radius:9px;border-top-right-radius:9px;border-bottom-right-radius:9px;border-bottom-left-radius:9px;}.kb-row-layout-id3056_f23203-a4 > .kt-row-layout-overlay{opacity:0.30;}@media all and (max-width: 1024px){.kb-row-layout-id3056_f23203-a4 > .kt-row-column-wrap{grid-template-columns:minmax(0, 1fr);}}@media all and (max-width: 767px){.kb-row-layout-id3056_f23203-a4 > .kt-row-column-wrap{padding-top:20px;padding-right:10px;padding-bottom:20px;padding-left:10px;grid-template-columns:minmax(0, 1fr);}}<\/style><div class=\"kb-row-layout-wrap kb-row-layout-id3056_f23203-a4 alignnone has-theme-palette9-background-color kt-row-has-bg wp-block-kadence-rowlayout\"><div class=\"kt-row-column-wrap kt-has-1-columns kt-row-layout-equal kt-tab-layout-inherit kt-mobile-layout-row kt-row-valign-top\">\n<style>.kadence-column3056_8f80a6-96 > .kt-inside-inner-col{padding-top:10px;padding-right:10px;padding-bottom:10px;padding-left:10px;}.kadence-column3056_8f80a6-96 > .kt-inside-inner-col,.kadence-column3056_8f80a6-96 > .kt-inside-inner-col:before{border-top-left-radius:0px;border-top-right-radius:0px;border-bottom-right-radius:0px;border-bottom-left-radius:0px;}.kadence-column3056_8f80a6-96 > .kt-inside-inner-col{column-gap:var(--global-kb-gap-sm, 1rem);}.kadence-column3056_8f80a6-96 > .kt-inside-inner-col{flex-direction:column;}.kadence-column3056_8f80a6-96 > .kt-inside-inner-col > .aligncenter{width:100%;}.kadence-column3056_8f80a6-96 > .kt-inside-inner-col:before{opacity:0.3;}.kadence-column3056_8f80a6-96{position:relative;}@media all and (max-width: 1024px){.kadence-column3056_8f80a6-96 > .kt-inside-inner-col{flex-direction:column;justify-content:center;}}@media all and (max-width: 767px){.kadence-column3056_8f80a6-96 > .kt-inside-inner-col{flex-direction:column;justify-content:center;}}<\/style>\n<div class=\"wp-block-kadence-column kadence-column3056_8f80a6-96 inner-column-1\"><div class=\"kt-inside-inner-col\"><style>.wp-block-kadence-advancedheading.kt-adv-heading3056_e9eea4-2d, .wp-block-kadence-advancedheading.kt-adv-heading3056_e9eea4-2d[data-kb-block=\"kb-adv-heading3056_e9eea4-2d\"]{margin-top:0px;margin-bottom:32px;font-size:var(--global-kb-font-size-xl, 3rem);line-height:1.2em;font-style:normal;}.wp-block-kadence-advancedheading.kt-adv-heading3056_e9eea4-2d mark.kt-highlight, .wp-block-kadence-advancedheading.kt-adv-heading3056_e9eea4-2d[data-kb-block=\"kb-adv-heading3056_e9eea4-2d\"] mark.kt-highlight{font-style:normal;color:#f76a0c;-webkit-box-decoration-break:clone;box-decoration-break:clone;padding-top:0px;padding-right:0px;padding-bottom:0px;padding-left:0px;}.wp-block-kadence-advancedheading.kt-adv-heading3056_e9eea4-2d img.kb-inline-image, .wp-block-kadence-advancedheading.kt-adv-heading3056_e9eea4-2d[data-kb-block=\"kb-adv-heading3056_e9eea4-2d\"] img.kb-inline-image{width:150px;vertical-align:baseline;}<\/style>\n<h3 class=\"kt-adv-heading3056_e9eea4-2d wp-block-kadence-advancedheading\" data-kb-block=\"kb-adv-heading3056_e9eea4-2d\">BOLETA ELECTR\u00d3NICA<\/h3>\n\n\n<style>.wp-block-kadence-advancedheading.kt-adv-heading3056_1087cd-23, .wp-block-kadence-advancedheading.kt-adv-heading3056_1087cd-23[data-kb-block=\"kb-adv-heading3056_1087cd-23\"]{margin-top:0px;margin-bottom:32px;line-height:1.5em;font-style:normal;}.wp-block-kadence-advancedheading.kt-adv-heading3056_1087cd-23 mark.kt-highlight, .wp-block-kadence-advancedheading.kt-adv-heading3056_1087cd-23[data-kb-block=\"kb-adv-heading3056_1087cd-23\"] mark.kt-highlight{font-style:normal;color:#f76a0c;-webkit-box-decoration-break:clone;box-decoration-break:clone;padding-top:0px;padding-right:0px;padding-bottom:0px;padding-left:0px;}.wp-block-kadence-advancedheading.kt-adv-heading3056_1087cd-23 img.kb-inline-image, .wp-block-kadence-advancedheading.kt-adv-heading3056_1087cd-23[data-kb-block=\"kb-adv-heading3056_1087cd-23\"] img.kb-inline-image{width:150px;vertical-align:baseline;}<\/style>\n<h3 class=\"kt-adv-heading3056_1087cd-23 wp-block-kadence-advancedheading has-theme-palette-1-color has-text-color\" data-kb-block=\"kb-adv-heading3056_1087cd-23\">Comienza cuenta regresiva para implementar la Boleta Electr\u00f3nica Obligatoria<\/h3>\n\n\n\n<p>El Servicio de Impuestos Internos (SII) emiti\u00f3 la resoluci\u00f3n N\u00b0 74 en la que aterriza la implementaci\u00f3n de la nueva boleta electr\u00f3nica obligatoria para los contribuyentes de todo el pa\u00eds, uno de los cambios principales que incorpora la reforma tributaria promulgada en febrero de este a\u00f1o.<\/p>\n\n\n\n<p>La idea es por un lado modernizar la relaci\u00f3n entre el servicio y los contribuyentes, adem\u00e1s de promover la digitalizaci\u00f3n, y por otro lado aumentar la fiscalizaci\u00f3n del correcto pago del IVA, ya que en tiempo real&nbsp;<strong>el fiscalizador podr\u00e1 determinar si los contribuyentes est\u00e1n declarando o subdeclarando sus ventas<\/strong>.<\/p>\n<\/div><\/div>\n\n<\/div><\/div><\/div><\/div>\n\n<\/div><\/div>","protected":false},"excerpt":{"rendered":"<p>BOLETA ELECTR\u00d3NICA Comienza cuenta regresiva para implementar la Boleta Electr\u00f3nica Obligatoria El Servicio de Impuestos Internos (SII) emiti\u00f3 la resoluci\u00f3n N\u00b0 74 en la que aterriza la implementaci\u00f3n de la nueva boleta electr\u00f3nica obligatoria para los contribuyentes de todo el pa\u00eds, uno de los cambios principales que incorpora la reforma tributaria promulgada en febrero de&#8230;<\/p>\n","protected":false},"author":1,"featured_media":0,"parent":0,"menu_order":0,"comment_status":"closed","ping_status":"closed","template":"","meta":{"_monsterinsights_skip_tracking":false,"_monsterinsights_sitenote_active":false,"_monsterinsights_sitenote_note":"","_monsterinsights_sitenote_category":0,"_kad_post_transparent":"disable","_kad_post_title":"hide","_kad_post_layout":"","_kad_post_sidebar_id":"","_kad_post_content_style":"","_kad_post_vertical_padding":"","_kad_post_feature":"","_kad_post_feature_position":"","_kad_post_header":false,"_kad_post_footer":false,"_kad_post_classname":"","footnotes":""},"class_list":["post-3056","page","type-page","status-publish","hentry"],"aioseo_notices":[],"_links":{"self":[{"href":"https:\/\/www.opendte.cl\/factura-electronica\/wp-json\/wp\/v2\/pages\/3056","targetHints":{"allow":["GET"]}}],"collection":[{"href":"https:\/\/www.opendte.cl\/factura-electronica\/wp-json\/wp\/v2\/pages"}],"about":[{"href":"https:\/\/www.opendte.cl\/factura-electronica\/wp-json\/wp\/v2\/types\/page"}],"author":[{"embeddable":true,"href":"https:\/\/www.opendte.cl\/factura-electronica\/wp-json\/wp\/v2\/users\/1"}],"replies":[{"embeddable":true,"href":"https:\/\/www.opendte.cl\/factura-electronica\/wp-json\/wp\/v2\/comments?post=3056"}],"version-history":[{"count":15,"href":"https:\/\/www.opendte.cl\/factura-electronica\/wp-json\/wp\/v2\/pages\/3056\/revisions"}],"predecessor-version":[{"id":3212,"href":"https:\/\/www.opendte.cl\/factura-electronica\/wp-json\/wp\/v2\/pages\/3056\/revisions\/3212"}],"wp:attachment":[{"href":"https:\/\/www.opendte.cl\/factura-electronica\/wp-json\/wp\/v2\/media?parent=3056"}],"curies":[{"name":"wp","href":"https:\/\/api.w.org\/{rel}","templated":true}]}}